{"id":7581,"date":"2021-10-12T10:43:09","date_gmt":"2021-10-12T10:43:09","guid":{"rendered":"https:\/\/www.kaarsilla.ee\/media-coverage\/"},"modified":"2024-05-21T09:08:15","modified_gmt":"2024-05-21T09:08:15","slug":"media-coverage","status":"publish","type":"page","link":"https:\/\/www.kaarsilla.ee\/en\/media-coverage\/","title":{"rendered":"media coverage"},"content":{"rendered":"\t\t<div data-elementor-type=\"wp-page\" data-elementor-id=\"7581\" class=\"elementor elementor-7581 elementor-496\">\n\t\t\t\t\t\t<section class=\"elementor-section elementor-top-section elementor-element elementor-element-2f33c28 elementor-section-boxed elementor-section-height-default elementor-section-height-default qodef-elementor-content-no\" data-id=\"2f33c28\" data-element_type=\"section\" data-e-type=\"section\">\n\t\t\t\t\t\t<div class=\"elementor-container elementor-column-gap-default\">\n\t\t\t\t\t<div class=\"elementor-column elementor-col-100 elementor-top-column elementor-element elementor-element-8899b63\" data-id=\"8899b63\" data-element_type=\"column\" data-e-type=\"column\">\n\t\t\t<div class=\"elementor-widget-wrap elementor-element-populated\">\n\t\t\t\t\t\t<div class=\"elementor-element elementor-element-bb2aac8 elementor-widget elementor-widget-brok_core_blog_list\" data-id=\"bb2aac8\" data-element_type=\"widget\" data-e-type=\"widget\" data-widget_type=\"brok_core_blog_list.default\">\n\t\t\t\t<div class=\"elementor-widget-container\">\n\t\t\t\t\t<div class=\"qodef-shortcode qodef-m  qodef-blog qodef-item-layout--simple qodef-grid qodef-layout--columns  qodef-gutter--normal qodef-col-num--1 qodef-item-layout--simple qodef-pagination--on qodef-pagination-type--load-more qodef-responsive--predefined\" data-options=\"{&quot;plugin&quot;:&quot;brok_core&quot;,&quot;module&quot;:&quot;blog\\\/shortcodes&quot;,&quot;shortcode&quot;:&quot;blog-list&quot;,&quot;post_type&quot;:&quot;post&quot;,&quot;next_page&quot;:&quot;2&quot;,&quot;max_pages_num&quot;:5,&quot;behavior&quot;:&quot;columns&quot;,&quot;images_proportion&quot;:&quot;full&quot;,&quot;columns&quot;:&quot;1&quot;,&quot;columns_responsive&quot;:&quot;predefined&quot;,&quot;space&quot;:&quot;normal&quot;,&quot;posts_per_page&quot;:&quot;4&quot;,&quot;orderby&quot;:&quot;date&quot;,&quot;order&quot;:&quot;DESC&quot;,&quot;additional_params&quot;:&quot;tax&quot;,&quot;tax&quot;:&quot;category&quot;,&quot;tax_slug&quot;:&quot;koik, pressiteade, info, viimased sundmus&quot;,&quot;layout&quot;:&quot;simple&quot;,&quot;title_tag&quot;:&quot;h6&quot;,&quot;excerpt_length&quot;:&quot;380&quot;,&quot;enable_filter&quot;:&quot;no&quot;,&quot;pagination_type&quot;:&quot;load-more&quot;,&quot;object_class_name&quot;:&quot;BrokCore_Blog_List_Shortcode&quot;,&quot;taxonomy_filter&quot;:&quot;category&quot;,&quot;additional_query_args&quot;:{&quot;tax_query&quot;:[{&quot;taxonomy&quot;:&quot;category&quot;,&quot;field&quot;:&quot;slug&quot;,&quot;terms&quot;:[&quot;koik&quot;,&quot; pressiteade&quot;,&quot; info&quot;,&quot; viimased sundmus&quot;]}]},&quot;space_value&quot;:15}\">\n\t\t<div class=\"qodef-grid-inner clear\">\n\t\t<article class=\"qodef-e qodef-blog-item qodef-grid-item qodef-item--full post-8660 post type-post status-publish format-standard has-post-thumbnail hentry category-latest-news category-press-release tag-commerce tag-commercial-property tag-development tag-grocery tag-kaarsilla-en tag-narva-en tag-real-estate\">\n\t<div class=\"qodef-e-inner\">\n\t\t<div class=\"qodef-e-image-wrapper\">\n\t\t\t<div class=\"qodef-e-media\">\n\t\t<div class=\"qodef-e-media-image\">\n\t\t<a itemprop=\"url\" href=\"https:\/\/www.kaarsilla.ee\/en\/press-release\/kaarsilla-real-estate-and-embach-ehitus-sign-contract-for-new-commercial-building-in-narva-estonia\/\">\n\t\t\t<img fetchpriority=\"high\" decoding=\"async\" width=\"1920\" height=\"1080\" src=\"https:\/\/www.kaarsilla.ee\/wp-content\/uploads\/2025\/09\/2.jpg\" class=\"attachment-full size-full wp-post-image\" alt=\"\" srcset=\"https:\/\/www.kaarsilla.ee\/wp-content\/uploads\/2025\/09\/2.jpg 1920w, https:\/\/www.kaarsilla.ee\/wp-content\/uploads\/2025\/09\/2-300x169.jpg 300w, https:\/\/www.kaarsilla.ee\/wp-content\/uploads\/2025\/09\/2-1024x576.jpg 1024w, https:\/\/www.kaarsilla.ee\/wp-content\/uploads\/2025\/09\/2-768x432.jpg 768w, https:\/\/www.kaarsilla.ee\/wp-content\/uploads\/2025\/09\/2-1536x864.jpg 1536w\" sizes=\"(max-width: 1920px) 100vw, 1920px\" \/>\t\t<\/a>\n\t<\/div>\n<\/div>\n<a title=\"Title Text: \" itemprop=\"dateCreated\" href=\"https:\/\/www.kaarsilla.ee\/en\/2025\/09\/\" class=\"entry-date \">\n\t<span class=\"qodef-date-day\">15<\/span>\n\t<span class=\"qodef-date-month\">Sep<\/span>\n<\/a><div class=\"qodef-info-separator-end\"><\/div>\n\t\t<\/div>\n\t\t<div class=\"qodef-e-content\">\n\t\t\t<div class=\"qodef-e-text\">\n\t\t\t\t<h6 itemprop=\"name\" class=\"qodef-e-title entry-title\" >\n\t<a itemprop=\"url\" class=\"qodef-e-title-link\" href=\"https:\/\/www.kaarsilla.ee\/en\/press-release\/kaarsilla-real-estate-and-embach-ehitus-sign-contract-for-new-commercial-building-in-narva-estonia\/\">\n\t\tKaarsilla Real Estate and Embach Ehitus sign contract for new commercial building in Narva, Estonia\t<\/a>\n<\/h6>\n\t\t<p itemprop=\"description\" class=\"qodef-e-excerpt\">Kaarsilla Kinnisvara is investing EUR 5.5 million in the construction of the Maksimarket on Kreenholm Street in Narva. Embach Ehitus O\u00dc is the builder and lead designer. Kaarsilla Real Estate and Embach Ehitus O\u00dc signed a contract for the construction of a modern commercial building on the Kreenholmi 54a property in Narva. The building will [&hellip;]<\/p>\n\t\t\t\t\t<\/div>\n\t\t\t<div class=\"qodef-e-bottom-holder\">\n\t\t\t\t<div class=\"qodef-e-info\">\n\t\t\t\t\t\t<div class=\"qodef-e-read-more\">\n\t\t<a class=\"qodef-shortcode qodef-m  qodef-button qodef-layout--textual  qodef-html--link\" href=\"https:\/\/www.kaarsilla.ee\/en\/press-release\/kaarsilla-real-estate-and-embach-ehitus-sign-contract-for-new-commercial-building-in-narva-estonia\/\" target=\"_self\"  >\t\t<svg class=\"qodef-svg--pagination-arrow-right\" xmlns=\"http:\/\/www.w3.org\/2000\/svg\" xmlns:xlink=\"http:\/\/www.w3.org\/1999\/xlink\" x=\"0px\" y=\"0px\" width=\"16.2px\"     height=\"9.6px\" viewBox=\"0 0 16.2 9.6\" style=\"enable-background:new 0 0 16.2 9.6;\" xml:space=\"preserve\"><g><line stroke-width=\"2\" stroke=\"currentColor\" x1=\"15.2\" y1=\"4.8\" x2=\"0\" y2=\"4.8\"\/><polyline fill=\"none\" stroke=\"currentColor\" stroke-width=\"2\" points=\"10.9,0.6 15,4.8 10.9,8.9\"\/><\/g><\/svg><\/a>\t<\/div>\n\t\t\t\t<\/div>\n\t\t\t<\/div>\n\t\t<\/div>\n\t<\/div>\n<\/article>\n<article class=\"qodef-e qodef-blog-item qodef-grid-item qodef-item--full post-8473 post type-post status-publish format-video has-post-thumbnail hentry category-all-media-coverage category-event category-latest-news category-press-release tag-business-en tag-commercial-property tag-cornerstone tag-development tag-kaarsilla-en tag-office-en tag-office tag-port-athena-en tag-real-estate post_format-post-format-video\">\n\t<div class=\"qodef-e-inner\">\n\t\t<div class=\"qodef-e-image-wrapper\">\n\t\t\t<div class=\"qodef-e-media\">\n\t\t\t<div class=\"qodef-e-media-video\">\n\t\t\t<div style=\"width: 1300px;\" class=\"wp-video\"><video class=\"wp-video-shortcode\" id=\"video-8473-1\" width=\"1300\" height=\"731\" loop preload=\"metadata\" controls=\"controls\"><source type=\"video\/mp4\" src=\"https:\/\/www.kaarsilla.ee\/wp-content\/uploads\/2025\/06\/2025_06_05_Port_Athenas_lyhike_16-9.mp4?_=1\" \/><a href=\"https:\/\/www.kaarsilla.ee\/wp-content\/uploads\/2025\/06\/2025_06_05_Port_Athenas_lyhike_16-9.mp4\">https:\/\/www.kaarsilla.ee\/wp-content\/uploads\/2025\/06\/2025_06_05_Port_Athenas_lyhike_16-9.mp4<\/a><\/video><\/div>\t\t<\/div>\n\t<\/div>\n<a title=\"Title Text: \" itemprop=\"dateCreated\" href=\"https:\/\/www.kaarsilla.ee\/en\/2025\/06\/\" class=\"entry-date \">\n\t<span class=\"qodef-date-day\">10<\/span>\n\t<span class=\"qodef-date-month\">Jun<\/span>\n<\/a><div class=\"qodef-info-separator-end\"><\/div>\n\t\t<\/div>\n\t\t<div class=\"qodef-e-content\">\n\t\t\t<div class=\"qodef-e-text\">\n\t\t\t\t<h6 itemprop=\"name\" class=\"qodef-e-title entry-title\" >\n\t<a itemprop=\"url\" class=\"qodef-e-title-link\" href=\"https:\/\/www.kaarsilla.ee\/en\/press-release\/construction-of-the-port-athena-quarter-in-the-centre-of-tartu-has-reached-the-cornerstone\/\">\n\t\tConstruction of the Port Athena quarter in the centre of Tartu has reached the cornerstone\t<\/a>\n<\/h6>\n\t\t<p itemprop=\"description\" class=\"qodef-e-excerpt\">Just a few days ago, on 5 June, the foundation stone was laid for the Port Athena business district in the centre of Tartu. The ceremony marked an important milestone in the development, which will bring a modern, environmentally sustainable and diverse urban space to the banks of the Emaj\u00f5gi River, combining office, service and [&hellip;]<\/p>\n\t\t\t\t\t<\/div>\n\t\t\t<div class=\"qodef-e-bottom-holder\">\n\t\t\t\t<div class=\"qodef-e-info\">\n\t\t\t\t\t\t<div class=\"qodef-e-read-more\">\n\t\t<a class=\"qodef-shortcode qodef-m  qodef-button qodef-layout--textual  qodef-html--link\" href=\"https:\/\/www.kaarsilla.ee\/en\/press-release\/construction-of-the-port-athena-quarter-in-the-centre-of-tartu-has-reached-the-cornerstone\/\" target=\"_self\"  >\t\t<svg class=\"qodef-svg--pagination-arrow-right\" xmlns=\"http:\/\/www.w3.org\/2000\/svg\" xmlns:xlink=\"http:\/\/www.w3.org\/1999\/xlink\" x=\"0px\" y=\"0px\" width=\"16.2px\"     height=\"9.6px\" viewBox=\"0 0 16.2 9.6\" style=\"enable-background:new 0 0 16.2 9.6;\" xml:space=\"preserve\"><g><line stroke-width=\"2\" stroke=\"currentColor\" x1=\"15.2\" y1=\"4.8\" x2=\"0\" y2=\"4.8\"\/><polyline fill=\"none\" stroke=\"currentColor\" stroke-width=\"2\" points=\"10.9,0.6 15,4.8 10.9,8.9\"\/><\/g><\/svg><\/a>\t<\/div>\n\t\t\t\t<\/div>\n\t\t\t<\/div>\n\t\t<\/div>\n\t<\/div>\n<\/article>\n<article class=\"qodef-e qodef-blog-item qodef-grid-item qodef-item--full post-8425 post type-post status-publish format-standard has-post-thumbnail hentry category-all-media-coverage category-latest-news category-uncategorized\">\n\t<div class=\"qodef-e-inner\">\n\t\t<div class=\"qodef-e-image-wrapper\">\n\t\t\t<div class=\"qodef-e-media\">\n\t\t<div class=\"qodef-e-media-image\">\n\t\t<a itemprop=\"url\" href=\"https:\/\/www.kaarsilla.ee\/en\/uncategorized\/kaarsilla-real-estate-bought-land-at-the-sopruse-bridge-where-commercial-buildings-will-be-built-in-years-to-come\/\">\n\t\t\t<img decoding=\"async\" width=\"1920\" height=\"1280\" src=\"https:\/\/www.kaarsilla.ee\/wp-content\/uploads\/2025\/03\/9R4A7593_1.jpg\" class=\"attachment-full size-full wp-post-image\" alt=\"\" srcset=\"https:\/\/www.kaarsilla.ee\/wp-content\/uploads\/2025\/03\/9R4A7593_1.jpg 1920w, https:\/\/www.kaarsilla.ee\/wp-content\/uploads\/2025\/03\/9R4A7593_1-300x200.jpg 300w, https:\/\/www.kaarsilla.ee\/wp-content\/uploads\/2025\/03\/9R4A7593_1-1024x683.jpg 1024w, https:\/\/www.kaarsilla.ee\/wp-content\/uploads\/2025\/03\/9R4A7593_1-768x512.jpg 768w, https:\/\/www.kaarsilla.ee\/wp-content\/uploads\/2025\/03\/9R4A7593_1-1536x1024.jpg 1536w\" sizes=\"(max-width: 1920px) 100vw, 1920px\" \/>\t\t<\/a>\n\t<\/div>\n<\/div>\n<a title=\"Title Text: \" itemprop=\"dateCreated\" href=\"https:\/\/www.kaarsilla.ee\/en\/2025\/03\/\" class=\"entry-date \">\n\t<span class=\"qodef-date-day\">20<\/span>\n\t<span class=\"qodef-date-month\">Mar<\/span>\n<\/a><div class=\"qodef-info-separator-end\"><\/div>\n\t\t<\/div>\n\t\t<div class=\"qodef-e-content\">\n\t\t\t<div class=\"qodef-e-text\">\n\t\t\t\t<h6 itemprop=\"name\" class=\"qodef-e-title entry-title\" >\n\t<a itemprop=\"url\" class=\"qodef-e-title-link\" href=\"https:\/\/www.kaarsilla.ee\/en\/uncategorized\/kaarsilla-real-estate-bought-land-at-the-sopruse-bridge-where-commercial-buildings-will-be-built-in-years-to-come\/\">\n\t\tKaarsilla Real Estate bought land at the S\u00f5pruse Bridge, where commercial buildings will be built in years to come.\t<\/a>\n<\/h6>\n\t\t<p itemprop=\"description\" class=\"qodef-e-excerpt\">The car dealership CityMotors currently operates at the Karlova end of the S\u00f5pruse bridge, but the properties at J\u00f5e 9 and 11 are now owned as commercial land by Kaarsilla Real Estate. This means that in years to come new commercial buildings can be built there. According to the detailed plan adopted in Tartu in [&hellip;]<\/p>\n\t\t\t\t\t<\/div>\n\t\t\t<div class=\"qodef-e-bottom-holder\">\n\t\t\t\t<div class=\"qodef-e-info\">\n\t\t\t\t\t\t<div class=\"qodef-e-read-more\">\n\t\t<a class=\"qodef-shortcode qodef-m  qodef-button qodef-layout--textual  qodef-html--link\" href=\"https:\/\/www.kaarsilla.ee\/en\/uncategorized\/kaarsilla-real-estate-bought-land-at-the-sopruse-bridge-where-commercial-buildings-will-be-built-in-years-to-come\/\" target=\"_self\"  >\t\t<svg class=\"qodef-svg--pagination-arrow-right\" xmlns=\"http:\/\/www.w3.org\/2000\/svg\" xmlns:xlink=\"http:\/\/www.w3.org\/1999\/xlink\" x=\"0px\" y=\"0px\" width=\"16.2px\"     height=\"9.6px\" viewBox=\"0 0 16.2 9.6\" style=\"enable-background:new 0 0 16.2 9.6;\" xml:space=\"preserve\"><g><line stroke-width=\"2\" stroke=\"currentColor\" x1=\"15.2\" y1=\"4.8\" x2=\"0\" y2=\"4.8\"\/><polyline fill=\"none\" stroke=\"currentColor\" stroke-width=\"2\" points=\"10.9,0.6 15,4.8 10.9,8.9\"\/><\/g><\/svg><\/a>\t<\/div>\n\t\t\t\t<\/div>\n\t\t\t<\/div>\n\t\t<\/div>\n\t<\/div>\n<\/article>\n<article class=\"qodef-e qodef-blog-item qodef-grid-item qodef-item--full post-8428 post type-post status-publish format-standard has-post-thumbnail hentry category-all-media-coverage category-event category-latest-news tag-commerce tag-commercial-property tag-grocery tag-kaarsilla-real-estate tag-opening-of tag-selver-en tag-shop-at\">\n\t<div class=\"qodef-e-inner\">\n\t\t<div class=\"qodef-e-image-wrapper\">\n\t\t\t<div class=\"qodef-e-media\">\n\t\t<div class=\"qodef-e-media-image\">\n\t\t<a itemprop=\"url\" href=\"https:\/\/www.kaarsilla.ee\/en\/all-media-coverage\/gallery-%e2%9f%a9-the-opening-of-raadi-selver-attracted-a-huge-crowd-with-the-first-customer-buying-three-bananas\/\">\n\t\t\t<img decoding=\"async\" width=\"1920\" height=\"1280\" src=\"https:\/\/www.kaarsilla.ee\/wp-content\/uploads\/2024\/10\/9R4A6651.jpg\" class=\"attachment-full size-full wp-post-image\" alt=\"\" srcset=\"https:\/\/www.kaarsilla.ee\/wp-content\/uploads\/2024\/10\/9R4A6651.jpg 1920w, https:\/\/www.kaarsilla.ee\/wp-content\/uploads\/2024\/10\/9R4A6651-300x200.jpg 300w, https:\/\/www.kaarsilla.ee\/wp-content\/uploads\/2024\/10\/9R4A6651-1024x683.jpg 1024w, https:\/\/www.kaarsilla.ee\/wp-content\/uploads\/2024\/10\/9R4A6651-768x512.jpg 768w, https:\/\/www.kaarsilla.ee\/wp-content\/uploads\/2024\/10\/9R4A6651-1536x1024.jpg 1536w\" sizes=\"(max-width: 1920px) 100vw, 1920px\" \/>\t\t<\/a>\n\t<\/div>\n<\/div>\n<a title=\"Title Text: \" itemprop=\"dateCreated\" href=\"https:\/\/www.kaarsilla.ee\/en\/2024\/10\/\" class=\"entry-date \">\n\t<span class=\"qodef-date-day\">1<\/span>\n\t<span class=\"qodef-date-month\">Oct<\/span>\n<\/a><div class=\"qodef-info-separator-end\"><\/div>\n\t\t<\/div>\n\t\t<div class=\"qodef-e-content\">\n\t\t\t<div class=\"qodef-e-text\">\n\t\t\t\t<h6 itemprop=\"name\" class=\"qodef-e-title entry-title\" >\n\t<a itemprop=\"url\" class=\"qodef-e-title-link\" href=\"https:\/\/www.kaarsilla.ee\/en\/all-media-coverage\/gallery-%e2%9f%a9-the-opening-of-raadi-selver-attracted-a-huge-crowd-with-the-first-customer-buying-three-bananas\/\">\n\t\tGallery \u27e9 The opening of Raadi Selver attracted a huge crowd, with the first customer buying three bananas\t<\/a>\n<\/h6>\n\t\t<p itemprop=\"description\" class=\"qodef-e-excerpt\">At noon on Thursday, a new Selver opened its doors near the Terminal petrol station on Raadi. Crowds were already thronging in front of the store before it opened, and it was difficult to find a parking space. The first purchase was made by Arvo Rehk, a resident of Tartu parish, who bought three bananas. [&hellip;]<\/p>\n\t\t\t\t\t<\/div>\n\t\t\t<div class=\"qodef-e-bottom-holder\">\n\t\t\t\t<div class=\"qodef-e-info\">\n\t\t\t\t\t\t<div class=\"qodef-e-read-more\">\n\t\t<a class=\"qodef-shortcode qodef-m  qodef-button qodef-layout--textual  qodef-html--link\" href=\"https:\/\/www.kaarsilla.ee\/en\/all-media-coverage\/gallery-%e2%9f%a9-the-opening-of-raadi-selver-attracted-a-huge-crowd-with-the-first-customer-buying-three-bananas\/\" target=\"_self\"  >\t\t<svg class=\"qodef-svg--pagination-arrow-right\" xmlns=\"http:\/\/www.w3.org\/2000\/svg\" xmlns:xlink=\"http:\/\/www.w3.org\/1999\/xlink\" x=\"0px\" y=\"0px\" width=\"16.2px\"     height=\"9.6px\" viewBox=\"0 0 16.2 9.6\" style=\"enable-background:new 0 0 16.2 9.6;\" xml:space=\"preserve\"><g><line stroke-width=\"2\" stroke=\"currentColor\" x1=\"15.2\" y1=\"4.8\" x2=\"0\" y2=\"4.8\"\/><polyline fill=\"none\" stroke=\"currentColor\" stroke-width=\"2\" points=\"10.9,0.6 15,4.8 10.9,8.9\"\/><\/g><\/svg><\/a>\t<\/div>\n\t\t\t\t<\/div>\n\t\t\t<\/div>\n\t\t<\/div>\n\t<\/div>\n<\/article>\n\t<\/div>\n\t\t<div class=\"qodef-m-pagination qodef--load-more\" >\n\t\t<div class=\"qodef-m-pagination-inner\">\n\t\t\t<a class=\"qodef-shortcode qodef-m qodef-load-more-button qodef-button qodef-layout--filled  qodef-html--link\" href=\"#\" target=\"_self\"  >\t<span class=\"qodef-bg-effect\" ><\/span>\t<span class=\"qodef-m-text\">\t\t<svg xmlns=\"http:\/\/www.w3.org\/2000\/svg\" xmlns:xlink=\"http:\/\/www.w3.org\/1999\/xlink\" x=\"0px\" y=\"0px\" width=\"12px\" height=\"12px\" viewBox=\"0 0 12 12\" style=\"enable-background:new 0 0 12 12;\" xml:space=\"preserve\"><g><rect y=\"5\" width=\"12\" height=\"2\"\/><rect y=\"5\" transform=\"matrix(6.123234e-17 -1 1 6.123234e-17 0 12)\" width=\"12\" height=\"2\"\/><\/g><\/svg>\t\tLoad more\t<\/span><\/a>\t\t<\/div>\n\t<\/div>\n\t<svg class=\"qodef-svg--spinner qodef-m-pagination-spinner\" xmlns=\"http:\/\/www.w3.org\/2000\/svg\" width=\"512\" height=\"512\" viewBox=\"0 0 512 512\"><path d=\"M304 48c0 26.51-21.49 48-48 48s-48-21.49-48-48 21.49-48 48-48 48 21.49 48 48zm-48 368c-26.51 0-48 21.49-48 48s21.49 48 48 48 48-21.49 48-48-21.49-48-48-48zm208-208c-26.51 0-48 21.49-48 48s21.49 48 48 48 48-21.49 48-48-21.49-48-48-48zM96 256c0-26.51-21.49-48-48-48S0 229.49 0 256s21.49 48 48 48 48-21.49 48-48zm12.922 99.078c-26.51 0-48 21.49-48 48s21.49 48 48 48 48-21.49 48-48c0-26.509-21.491-48-48-48zm294.156 0c-26.51 0-48 21.49-48 48s21.49 48 48 48 48-21.49 48-48c0-26.509-21.49-48-48-48zM108.922 60.922c-26.51 0-48 21.49-48 48s21.49 48 48 48 48-21.49 48-48-21.491-48-48-48z\"><\/path><\/svg><\/div>\n\t\t\t\t<\/div>\n\t\t\t\t<\/div>\n\t\t\t\t<div class=\"elementor-element elementor-element-b2bc582 elementor-widget elementor-widget-spacer\" data-id=\"b2bc582\" data-element_type=\"widget\" data-e-type=\"widget\" data-widget_type=\"spacer.default\">\n\t\t\t\t<div class=\"elementor-widget-container\">\n\t\t\t\t\t\t\t<div class=\"elementor-spacer\">\n\t\t\t<div class=\"elementor-spacer-inner\"><\/div>\n\t\t<\/div>\n\t\t\t\t\t\t<\/div>\n\t\t\t\t<\/div>\n\t\t\t\t\t<\/div>\n\t\t<\/div>\n\t\t\t\t\t<\/div>\n\t\t<\/section>\n\t\t\t\t<\/div>\n\t\t","protected":false},"excerpt":{"rendered":"<p>30 mai Nordecon ehitab Tartusse \u00e4rihoone ASi Nordecon kontserni ettev\u00f5te Embach Ehitus O\u00dc ning Kaarsilla Kinnisvara O\u00dc s\u00f5lmisid t\u00f6\u00f6v\u00f5tulepingu Tartus Kandik\u00fclas asuva M\u00e4nniku \u00e4rihoone projekteerimis-ehitust\u00f6\u00f6de teostamiseks&#8230; Loe pikemalt: https:\/\/www.ehitusuudised.ee\/uudised\/2022\/05\/30\/nordecon-ehitab-tartusse-arihoone 10 mai Raadi Terminal Oil saab uue naabri Kaarsilla Kinnisvara arendab Raadi piirkonda ligi 1000 m2 ehitusalase pinnaga \u00e4ri- ja laohoone. Arendus asub Tartu k\u00fclje all, [&hellip;]<\/p>\n","protected":false},"author":2,"featured_media":0,"parent":0,"menu_order":0,"comment_status":"closed","ping_status":"closed","template":"","meta":{"footnotes":""},"class_list":["post-7581","page","type-page","status-publish","hentry"],"_links":{"self":[{"href":"https:\/\/www.kaarsilla.ee\/en\/wp-json\/wp\/v2\/pages\/7581","targetHints":{"allow":["GET"]}}],"collection":[{"href":"https:\/\/www.kaarsilla.ee\/en\/wp-json\/wp\/v2\/pages"}],"about":[{"href":"https:\/\/www.kaarsilla.ee\/en\/wp-json\/wp\/v2\/types\/page"}],"author":[{"embeddable":true,"href":"https:\/\/www.kaarsilla.ee\/en\/wp-json\/wp\/v2\/users\/2"}],"replies":[{"embeddable":true,"href":"https:\/\/www.kaarsilla.ee\/en\/wp-json\/wp\/v2\/comments?post=7581"}],"version-history":[{"count":1,"href":"https:\/\/www.kaarsilla.ee\/en\/wp-json\/wp\/v2\/pages\/7581\/revisions"}],"predecessor-version":[{"id":8214,"href":"https:\/\/www.kaarsilla.ee\/en\/wp-json\/wp\/v2\/pages\/7581\/revisions\/8214"}],"wp:attachment":[{"href":"https:\/\/www.kaarsilla.ee\/en\/wp-json\/wp\/v2\/media?parent=7581"}],"curies":[{"name":"wp","href":"https:\/\/api.w.org\/{rel}","templated":true}]}}