{"id":7618,"date":"2021-11-18T10:55:30","date_gmt":"2021-11-18T10:55:30","guid":{"rendered":"https:\/\/www.kaarsilla.ee\/developments\/"},"modified":"2024-04-24T14:19:49","modified_gmt":"2024-04-24T14:19:49","slug":"developments","status":"publish","type":"page","link":"https:\/\/www.kaarsilla.ee\/en\/developments\/","title":{"rendered":"Developments"},"content":{"rendered":"\t\t<div data-elementor-type=\"wp-page\" data-elementor-id=\"7618\" class=\"elementor elementor-7618 elementor-3913\">\n\t\t\t\t\t\t<section class=\"elementor-section elementor-top-section elementor-element elementor-element-898b63a elementor-section-full_width qodef-elementor-content-grid elementor-section-height-default elementor-section-height-default\" data-id=\"898b63a\" data-element_type=\"section\" data-e-type=\"section\">\n\t\t\t\t\t\t<div class=\"elementor-container elementor-column-gap-default\">\n\t\t\t\t\t<div class=\"elementor-column elementor-col-100 elementor-top-column elementor-element elementor-element-b4145f4\" data-id=\"b4145f4\" data-element_type=\"column\" data-e-type=\"column\">\n\t\t\t<div class=\"elementor-widget-wrap elementor-element-populated\">\n\t\t\t\t\t\t<div class=\"elementor-element elementor-element-7b185a8 elementor-invisible elementor-widget elementor-widget-brok_core_portfolio_list\" data-id=\"7b185a8\" data-element_type=\"widget\" data-e-type=\"widget\" data-settings=\"{&quot;_animation&quot;:&quot;slideInUp&quot;}\" data-widget_type=\"brok_core_portfolio_list.default\">\n\t\t\t\t<div class=\"elementor-widget-container\">\n\t\t\t\t\t<div class=\"qodef-shortcode qodef-m  qodef-portfolio-list qodef-item-layout--info-below   qodef-pl-appear-animation--yes qodef-grid qodef-layout--columns  qodef-gutter--medium qodef-col-num--2 qodef-item-layout--info-below qodef-filter--on qodef-pagination--on qodef-pagination-type--infinite-scroll qodef-responsive--custom qodef-col-num--1440--2 qodef-col-num--1366--2 qodef-col-num--1024--1 qodef-col-num--768--1 qodef-col-num--680--1 qodef-col-num--480--1 qodef-hover-animation--clip\" data-options=\"{&quot;plugin&quot;:&quot;brok_core&quot;,&quot;module&quot;:&quot;post-types\\\/portfolio\\\/shortcodes&quot;,&quot;shortcode&quot;:&quot;portfolio-list&quot;,&quot;post_type&quot;:&quot;portfolio-item&quot;,&quot;next_page&quot;:&quot;2&quot;,&quot;max_pages_num&quot;:5,&quot;behavior&quot;:&quot;columns&quot;,&quot;images_proportion&quot;:&quot;full&quot;,&quot;columns&quot;:&quot;2&quot;,&quot;columns_responsive&quot;:&quot;custom&quot;,&quot;columns_1440&quot;:&quot;2&quot;,&quot;columns_1366&quot;:&quot;2&quot;,&quot;columns_1024&quot;:&quot;1&quot;,&quot;columns_768&quot;:&quot;1&quot;,&quot;columns_680&quot;:&quot;1&quot;,&quot;columns_480&quot;:&quot;1&quot;,&quot;space&quot;:&quot;medium&quot;,&quot;posts_per_page&quot;:&quot;9&quot;,&quot;orderby&quot;:&quot;date&quot;,&quot;order&quot;:&quot;DESC&quot;,&quot;additional_params&quot;:&quot;tax&quot;,&quot;tax&quot;:&quot;portfolio-category&quot;,&quot;tax_slug&quot;:&quot;arendamisel, valminud, tulevased, kaubandus,buroo, ladu,tootmine&quot;,&quot;layout&quot;:&quot;info-below&quot;,&quot;hover_animation_info-below&quot;:&quot;clip&quot;,&quot;hover_animation_info-follow&quot;:&quot;follow&quot;,&quot;title_tag&quot;:&quot;h5&quot;,&quot;hover_info&quot;:&quot;no&quot;,&quot;custom_margin&quot;:&quot;no&quot;,&quot;appear_animation&quot;:&quot;yes&quot;,&quot;enable_filter&quot;:&quot;yes&quot;,&quot;filter_left&quot;:&quot;no&quot;,&quot;pagination_type&quot;:&quot;infinite-scroll&quot;,&quot;object_class_name&quot;:&quot;BrokCore_Portfolio_List_Shortcode&quot;,&quot;taxonomy_filter&quot;:&quot;portfolio-category&quot;,&quot;additional_query_args&quot;:{&quot;tax_query&quot;:[{&quot;taxonomy&quot;:&quot;portfolio-category&quot;,&quot;field&quot;:&quot;slug&quot;,&quot;terms&quot;:[&quot;arendamisel&quot;,&quot; valminud&quot;,&quot; tulevased&quot;,&quot; kaubandus&quot;,&quot;buroo&quot;,&quot; ladu&quot;,&quot;tootmine&quot;]}]},&quot;space_value&quot;:20}\">\n\t\t<div class=\"qodef-m-filter \">\n\t\t\t\t<div class=\"qodef-m-filter-items-wrapper\">\n\t\t\t<div class=\"qodef-m-filter-items\">\n\t\t\t\t<div class=\"qodef-m-filter-item qodef--active\" data-taxonomy=\"portfolio-category\" data-filter=\"*\">\n\t\t\t\t\t<span class=\"qodef-m-filter-item-name\">All<sup class=\"qodef-m-filter-count-all\"><\/sup><\/span>\n\t\t\t\t<\/div>\n\t\t\t\t\t\t\t\t\t<div class=\"qodef-m-filter-wrapper\">\n\t\t\t\t\t\t<div class=\"qodef-m-filter-item\" data-taxonomy=\"portfolio-category\" data-filter=\"bureau\">\n\t\t\t\t\t\t\t<span class=\"qodef-m-filter-item-name\">Bureau<sup class=\"qodef-m-filter-count\">8<\/sup><\/span>\n\t\t\t\t\t\t<\/div>\n\t\t\t\t\t\t\t\t\t\t\t<\/div>\n\t\t\t\t\t\t\t\t\t<div class=\"qodef-m-filter-wrapper\">\n\t\t\t\t\t\t<div class=\"qodef-m-filter-item\" data-taxonomy=\"portfolio-category\" data-filter=\"coming-soon\">\n\t\t\t\t\t\t\t<span class=\"qodef-m-filter-item-name\">Coming soon<sup class=\"qodef-m-filter-count\">3<\/sup><\/span>\n\t\t\t\t\t\t<\/div>\n\t\t\t\t\t\t\t\t\t\t\t<\/div>\n\t\t\t\t\t\t\t\t\t<div class=\"qodef-m-filter-wrapper\">\n\t\t\t\t\t\t<div class=\"qodef-m-filter-item\" data-taxonomy=\"portfolio-category\" data-filter=\"commercial-en\">\n\t\t\t\t\t\t\t<span class=\"qodef-m-filter-item-name\">Commercial | Services<sup class=\"qodef-m-filter-count\">20<\/sup><\/span>\n\t\t\t\t\t\t<\/div>\n\t\t\t\t\t\t\t\t\t\t\t<\/div>\n\t\t\t\t\t\t\t\t\t<div class=\"qodef-m-filter-wrapper\">\n\t\t\t\t\t\t<div class=\"qodef-m-filter-item\" data-taxonomy=\"portfolio-category\" data-filter=\"completed-en\">\n\t\t\t\t\t\t\t<span class=\"qodef-m-filter-item-name\">Completed<sup class=\"qodef-m-filter-count\">33<\/sup><\/span>\n\t\t\t\t\t\t<\/div>\n\t\t\t\t\t\t\t\t\t\t\t<\/div>\n\t\t\t\t\t\t\t\t\t<div class=\"qodef-m-filter-wrapper\">\n\t\t\t\t\t\t<div class=\"qodef-m-filter-item\" data-taxonomy=\"portfolio-category\" data-filter=\"under-development\">\n\t\t\t\t\t\t\t<span class=\"qodef-m-filter-item-name\">Under development<sup class=\"qodef-m-filter-count\">3<\/sup><\/span>\n\t\t\t\t\t\t<\/div>\n\t\t\t\t\t\t\t\t\t\t\t<\/div>\n\t\t\t\t\t\t\t\t\t<div class=\"qodef-m-filter-wrapper\">\n\t\t\t\t\t\t<div class=\"qodef-m-filter-item\" data-taxonomy=\"portfolio-category\" data-filter=\"warehousemanufacture-en\">\n\t\t\t\t\t\t\t<span class=\"qodef-m-filter-item-name\">Warehouse | Manufacture<sup class=\"qodef-m-filter-count\">6<\/sup><\/span>\n\t\t\t\t\t\t<\/div>\n\t\t\t\t\t\t\t\t\t\t\t<\/div>\n\t\t\t\t\t\t\t<\/div>\n\t\t<\/div>\n\t\t\t<\/div>\n\t\t<div class=\"qodef-grid-inner clear\">\n\t\t<article class=\"qodef-e qodef-grid-item qodef-item--full post-7888 portfolio-item type-portfolio-item status-publish has-post-thumbnail hentry portfolio-category-bureau portfolio-category-main-page portfolio-category-new-en portfolio-category-under-development portfolio-category-uus portfolio-tag-mainpage\">\n\t<div class=\"qodef-e-inner\" >\n\t\t<div class=\"qodef-e-image\">\n\t\t\t\t<div class=\"qodef-e-media-image\">\n\t\t<a itemprop=\"url\" href=\"https:\/\/www.kaarsilla.ee\/en\/portfolio-item\/port-athena\/\" target=\"_self\">\n\t\t\t<img fetchpriority=\"high\" decoding=\"async\" width=\"1920\" height=\"1280\" src=\"https:\/\/www.kaarsilla.ee\/wp-content\/uploads\/2024\/06\/Cam_012.0000-2-e1740144580293.jpg\" class=\"attachment-full size-full wp-post-image\" alt=\"\" \/>\t\t<\/a>\n\t<\/div>\n\t\t<\/div>\n\t\t<div class=\"qodef-e-content\" >\n\t\t\t<div class=\"qodef-e-text\">\n\t\t\t\t<h5 itemprop=\"name\" class=\"qodef-e-title entry-title\" >\n\t<a itemprop=\"url\" class=\"qodef-e-title-link\" href=\"https:\/\/www.kaarsilla.ee\/en\/portfolio-item\/port-athena\/\" target=\"_self\">\n\t\tPort Athena\t<\/a>\n<\/h5>\n\t\t\t<\/div>\n\t\t\t<div class=\"qodef-e-bottom-holder\">\n\t\t\t\t<div class=\"qodef-e-info\">\n\t\t\t\t\t\t<a href=\"https:\/\/www.kaarsilla.ee\/en\/portfolio-category\/bureau\/\" rel=\"tag\">Bureau<\/a><span class=\"qodef-info-separator-single\"><\/span><a href=\"https:\/\/www.kaarsilla.ee\/en\/portfolio-category\/main-page\/\" rel=\"tag\">Main page<\/a><span class=\"qodef-info-separator-single\"><\/span><a href=\"https:\/\/www.kaarsilla.ee\/en\/portfolio-category\/new-en\/\" rel=\"tag\">New<\/a><span class=\"qodef-info-separator-single\"><\/span><a href=\"https:\/\/www.kaarsilla.ee\/en\/portfolio-category\/under-development\/\" rel=\"tag\">Under development<\/a><span class=\"qodef-info-separator-single\"><\/span><a href=\"https:\/\/www.kaarsilla.ee\/portfolio-category\/uus\/\" rel=\"tag\">Uus<\/a>\t<div class=\"qodef-info-separator-end\"><\/div>\n\t\t\t\t<\/div>\n\t\t\t<\/div>\n\t\t<\/div>\n\t<\/div>\n<\/article>\n<article class=\"qodef-e qodef-grid-item qodef-item--full post-8454 portfolio-item type-portfolio-item status-publish has-post-thumbnail hentry portfolio-category-commercial-en portfolio-category-completed-en portfolio-tag-mainpage\">\n\t<div class=\"qodef-e-inner\" >\n\t\t<div class=\"qodef-e-image\">\n\t\t\t\t<div class=\"qodef-e-media-image\">\n\t\t<a itemprop=\"url\" href=\"https:\/\/www.kaarsilla.ee\/en\/portfolio-item\/river-9\/\" target=\"_self\">\n\t\t\t<img decoding=\"async\" width=\"1920\" height=\"1222\" src=\"https:\/\/www.kaarsilla.ee\/wp-content\/uploads\/2025\/04\/Joe9.jpg\" class=\"attachment-full size-full wp-post-image\" alt=\"\" srcset=\"https:\/\/www.kaarsilla.ee\/wp-content\/uploads\/2025\/04\/Joe9.jpg 1920w, https:\/\/www.kaarsilla.ee\/wp-content\/uploads\/2025\/04\/Joe9-300x191.jpg 300w, https:\/\/www.kaarsilla.ee\/wp-content\/uploads\/2025\/04\/Joe9-1024x652.jpg 1024w, https:\/\/www.kaarsilla.ee\/wp-content\/uploads\/2025\/04\/Joe9-768x489.jpg 768w, https:\/\/www.kaarsilla.ee\/wp-content\/uploads\/2025\/04\/Joe9-1536x978.jpg 1536w\" sizes=\"(max-width: 1920px) 100vw, 1920px\" \/>\t\t<\/a>\n\t<\/div>\n\t\t<\/div>\n\t\t<div class=\"qodef-e-content\" >\n\t\t\t<div class=\"qodef-e-text\">\n\t\t\t\t<h5 itemprop=\"name\" class=\"qodef-e-title entry-title\" >\n\t<a itemprop=\"url\" class=\"qodef-e-title-link\" href=\"https:\/\/www.kaarsilla.ee\/en\/portfolio-item\/river-9\/\" target=\"_self\">\n\t\tJ\u00f5e 9\t<\/a>\n<\/h5>\n\t\t\t<\/div>\n\t\t\t<div class=\"qodef-e-bottom-holder\">\n\t\t\t\t<div class=\"qodef-e-info\">\n\t\t\t\t\t\t<a href=\"https:\/\/www.kaarsilla.ee\/en\/portfolio-category\/commercial-en\/\" rel=\"tag\">Commercial | Services<\/a><span class=\"qodef-info-separator-single\"><\/span><a href=\"https:\/\/www.kaarsilla.ee\/en\/portfolio-category\/completed-en\/\" rel=\"tag\">Completed<\/a>\t<div class=\"qodef-info-separator-end\"><\/div>\n\t\t\t\t<\/div>\n\t\t\t<\/div>\n\t\t<\/div>\n\t<\/div>\n<\/article>\n<article class=\"qodef-e qodef-grid-item qodef-item--full post-7882 portfolio-item type-portfolio-item status-publish has-post-thumbnail hentry portfolio-category-bureau portfolio-category-commercial-en portfolio-category-completed-en portfolio-category-new-en portfolio-tag-mainpage\">\n\t<div class=\"qodef-e-inner\" >\n\t\t<div class=\"qodef-e-image\">\n\t\t\t\t<div class=\"qodef-e-media-image\">\n\t\t<a itemprop=\"url\" href=\"https:\/\/www.kaarsilla.ee\/en\/portfolio-item\/technique-3\/\" target=\"_self\">\n\t\t\t<img decoding=\"async\" width=\"1376\" height=\"917\" src=\"https:\/\/www.kaarsilla.ee\/wp-content\/uploads\/2023\/11\/2025_DJI_0830-copy-e1756806234105.jpg\" class=\"attachment-full size-full wp-post-image\" alt=\"\" \/>\t\t<\/a>\n\t<\/div>\n\t\t<\/div>\n\t\t<div class=\"qodef-e-content\" >\n\t\t\t<div class=\"qodef-e-text\">\n\t\t\t\t<h5 itemprop=\"name\" class=\"qodef-e-title entry-title\" >\n\t<a itemprop=\"url\" class=\"qodef-e-title-link\" href=\"https:\/\/www.kaarsilla.ee\/en\/portfolio-item\/technique-3\/\" target=\"_self\">\n\t\tTehnika 3\t<\/a>\n<\/h5>\n\t\t\t<\/div>\n\t\t\t<div class=\"qodef-e-bottom-holder\">\n\t\t\t\t<div class=\"qodef-e-info\">\n\t\t\t\t\t\t<a href=\"https:\/\/www.kaarsilla.ee\/en\/portfolio-category\/bureau\/\" rel=\"tag\">Bureau<\/a><span class=\"qodef-info-separator-single\"><\/span><a href=\"https:\/\/www.kaarsilla.ee\/en\/portfolio-category\/commercial-en\/\" rel=\"tag\">Commercial | Services<\/a><span class=\"qodef-info-separator-single\"><\/span><a href=\"https:\/\/www.kaarsilla.ee\/en\/portfolio-category\/completed-en\/\" rel=\"tag\">Completed<\/a><span class=\"qodef-info-separator-single\"><\/span><a href=\"https:\/\/www.kaarsilla.ee\/en\/portfolio-category\/new-en\/\" rel=\"tag\">New<\/a>\t<div class=\"qodef-info-separator-end\"><\/div>\n\t\t\t\t<\/div>\n\t\t\t<\/div>\n\t\t<\/div>\n\t<\/div>\n<\/article>\n<article class=\"qodef-e qodef-grid-item qodef-item--full post-7883 portfolio-item type-portfolio-item status-publish has-post-thumbnail hentry portfolio-category-commercial-en portfolio-category-completed-en\">\n\t<div class=\"qodef-e-inner\" >\n\t\t<div class=\"qodef-e-image\">\n\t\t\t\t<div class=\"qodef-e-media-image\">\n\t\t<a itemprop=\"url\" href=\"https:\/\/www.kaarsilla.ee\/en\/portfolio-item\/coastal-road-39\/\" target=\"_self\">\n\t\t\t<img loading=\"lazy\" decoding=\"async\" width=\"1496\" height=\"997\" src=\"https:\/\/www.kaarsilla.ee\/wp-content\/uploads\/2023\/03\/2025_DJI_0827-e1756728897526.jpg\" class=\"attachment-full size-full wp-post-image\" alt=\"\" \/>\t\t<\/a>\n\t<\/div>\n\t\t<\/div>\n\t\t<div class=\"qodef-e-content\" >\n\t\t\t<div class=\"qodef-e-text\">\n\t\t\t\t<h5 itemprop=\"name\" class=\"qodef-e-title entry-title\" >\n\t<a itemprop=\"url\" class=\"qodef-e-title-link\" href=\"https:\/\/www.kaarsilla.ee\/en\/portfolio-item\/coastal-road-39\/\" target=\"_self\">\n\t\tKalda tee 39\t<\/a>\n<\/h5>\n\t\t\t<\/div>\n\t\t\t<div class=\"qodef-e-bottom-holder\">\n\t\t\t\t<div class=\"qodef-e-info\">\n\t\t\t\t\t\t<a href=\"https:\/\/www.kaarsilla.ee\/en\/portfolio-category\/commercial-en\/\" rel=\"tag\">Commercial | Services<\/a><span class=\"qodef-info-separator-single\"><\/span><a href=\"https:\/\/www.kaarsilla.ee\/en\/portfolio-category\/completed-en\/\" rel=\"tag\">Completed<\/a>\t<div class=\"qodef-info-separator-end\"><\/div>\n\t\t\t\t<\/div>\n\t\t\t<\/div>\n\t\t<\/div>\n\t<\/div>\n<\/article>\n<article class=\"qodef-e qodef-grid-item qodef-item--full post-7884 portfolio-item type-portfolio-item status-publish has-post-thumbnail hentry portfolio-category-commercial-en portfolio-category-completed-en portfolio-category-new-en portfolio-category-valminud\">\n\t<div class=\"qodef-e-inner\" >\n\t\t<div class=\"qodef-e-image\">\n\t\t\t\t<div class=\"qodef-e-media-image\">\n\t\t<a itemprop=\"url\" href=\"https:\/\/www.kaarsilla.ee\/en\/portfolio-item\/elbows-4\/\" target=\"_self\">\n\t\t\t<img loading=\"lazy\" decoding=\"async\" width=\"1920\" height=\"1280\" src=\"https:\/\/www.kaarsilla.ee\/wp-content\/uploads\/2023\/03\/9R4A6662_1-e1728851076186.jpg\" class=\"attachment-full size-full wp-post-image\" alt=\"\" \/>\t\t<\/a>\n\t<\/div>\n\t\t<\/div>\n\t\t<div class=\"qodef-e-content\" >\n\t\t\t<div class=\"qodef-e-text\">\n\t\t\t\t<h5 itemprop=\"name\" class=\"qodef-e-title entry-title\" >\n\t<a itemprop=\"url\" class=\"qodef-e-title-link\" href=\"https:\/\/www.kaarsilla.ee\/en\/portfolio-item\/elbows-4\/\" target=\"_self\">\n\t\tN\u00f5lvakaare 4\t<\/a>\n<\/h5>\n\t\t\t<\/div>\n\t\t\t<div class=\"qodef-e-bottom-holder\">\n\t\t\t\t<div class=\"qodef-e-info\">\n\t\t\t\t\t\t<a href=\"https:\/\/www.kaarsilla.ee\/en\/portfolio-category\/commercial-en\/\" rel=\"tag\">Commercial | Services<\/a><span class=\"qodef-info-separator-single\"><\/span><a href=\"https:\/\/www.kaarsilla.ee\/en\/portfolio-category\/completed-en\/\" rel=\"tag\">Completed<\/a><span class=\"qodef-info-separator-single\"><\/span><a href=\"https:\/\/www.kaarsilla.ee\/en\/portfolio-category\/new-en\/\" rel=\"tag\">New<\/a><span class=\"qodef-info-separator-single\"><\/span><a href=\"https:\/\/www.kaarsilla.ee\/portfolio-category\/valminud\/\" rel=\"tag\">Valminud<\/a>\t<div class=\"qodef-info-separator-end\"><\/div>\n\t\t\t\t<\/div>\n\t\t\t<\/div>\n\t\t<\/div>\n\t<\/div>\n<\/article>\n<article class=\"qodef-e qodef-grid-item qodef-item--full post-7895 portfolio-item type-portfolio-item status-publish has-post-thumbnail hentry portfolio-category-commercial-en portfolio-category-completed-en\">\n\t<div class=\"qodef-e-inner\" >\n\t\t<div class=\"qodef-e-image\">\n\t\t\t\t<div class=\"qodef-e-media-image\">\n\t\t<a itemprop=\"url\" href=\"https:\/\/www.kaarsilla.ee\/en\/portfolio-item\/toyota-dealership\/\" target=\"_self\">\n\t\t\t<img loading=\"lazy\" decoding=\"async\" width=\"1363\" height=\"867\" src=\"https:\/\/www.kaarsilla.ee\/wp-content\/uploads\/2022\/06\/Toyota_9R4A1665.jpg\" class=\"attachment-full size-full wp-post-image\" alt=\"\" srcset=\"https:\/\/www.kaarsilla.ee\/wp-content\/uploads\/2022\/06\/Toyota_9R4A1665.jpg 1363w, https:\/\/www.kaarsilla.ee\/wp-content\/uploads\/2022\/06\/Toyota_9R4A1665-300x191.jpg 300w, https:\/\/www.kaarsilla.ee\/wp-content\/uploads\/2022\/06\/Toyota_9R4A1665-1024x651.jpg 1024w, https:\/\/www.kaarsilla.ee\/wp-content\/uploads\/2022\/06\/Toyota_9R4A1665-768x489.jpg 768w\" sizes=\"(max-width: 1363px) 100vw, 1363px\" \/>\t\t<\/a>\n\t<\/div>\n\t\t<\/div>\n\t\t<div class=\"qodef-e-content\" >\n\t\t\t<div class=\"qodef-e-text\">\n\t\t\t\t<h5 itemprop=\"name\" class=\"qodef-e-title entry-title\" >\n\t<a itemprop=\"url\" class=\"qodef-e-title-link\" href=\"https:\/\/www.kaarsilla.ee\/en\/portfolio-item\/toyota-dealership\/\" target=\"_self\">\n\t\tToyota dealership\t<\/a>\n<\/h5>\n\t\t\t<\/div>\n\t\t\t<div class=\"qodef-e-bottom-holder\">\n\t\t\t\t<div class=\"qodef-e-info\">\n\t\t\t\t\t\t<a href=\"https:\/\/www.kaarsilla.ee\/en\/portfolio-category\/commercial-en\/\" rel=\"tag\">Commercial | Services<\/a><span class=\"qodef-info-separator-single\"><\/span><a href=\"https:\/\/www.kaarsilla.ee\/en\/portfolio-category\/completed-en\/\" rel=\"tag\">Completed<\/a>\t<div class=\"qodef-info-separator-end\"><\/div>\n\t\t\t\t<\/div>\n\t\t\t<\/div>\n\t\t<\/div>\n\t<\/div>\n<\/article>\n<article class=\"qodef-e qodef-grid-item qodef-item--full post-7892 portfolio-item type-portfolio-item status-publish has-post-thumbnail hentry portfolio-category-bureau portfolio-category-completed-en portfolio-category-main-page\">\n\t<div class=\"qodef-e-inner\" >\n\t\t<div class=\"qodef-e-image\">\n\t\t\t\t<div class=\"qodef-e-media-image\">\n\t\t<a itemprop=\"url\" href=\"https:\/\/www.kaarsilla.ee\/en\/portfolio-item\/viimsi-entrepreneurs\/\" target=\"_self\">\n\t\t\t<img loading=\"lazy\" decoding=\"async\" width=\"1356\" height=\"863\" src=\"https:\/\/www.kaarsilla.ee\/wp-content\/uploads\/2022\/06\/Viimsi_9R4A1925.jpg\" class=\"attachment-full size-full wp-post-image\" alt=\"\" srcset=\"https:\/\/www.kaarsilla.ee\/wp-content\/uploads\/2022\/06\/Viimsi_9R4A1925.jpg 1356w, https:\/\/www.kaarsilla.ee\/wp-content\/uploads\/2022\/06\/Viimsi_9R4A1925-300x191.jpg 300w, https:\/\/www.kaarsilla.ee\/wp-content\/uploads\/2022\/06\/Viimsi_9R4A1925-1024x652.jpg 1024w, https:\/\/www.kaarsilla.ee\/wp-content\/uploads\/2022\/06\/Viimsi_9R4A1925-768x489.jpg 768w\" sizes=\"(max-width: 1356px) 100vw, 1356px\" \/>\t\t<\/a>\n\t<\/div>\n\t\t<\/div>\n\t\t<div class=\"qodef-e-content\" >\n\t\t\t<div class=\"qodef-e-text\">\n\t\t\t\t<h5 itemprop=\"name\" class=\"qodef-e-title entry-title\" >\n\t<a itemprop=\"url\" class=\"qodef-e-title-link\" href=\"https:\/\/www.kaarsilla.ee\/en\/portfolio-item\/viimsi-entrepreneurs\/\" target=\"_self\">\n\t\tViimsi office building\t<\/a>\n<\/h5>\n\t\t\t<\/div>\n\t\t\t<div class=\"qodef-e-bottom-holder\">\n\t\t\t\t<div class=\"qodef-e-info\">\n\t\t\t\t\t\t<a href=\"https:\/\/www.kaarsilla.ee\/en\/portfolio-category\/bureau\/\" rel=\"tag\">Bureau<\/a><span class=\"qodef-info-separator-single\"><\/span><a href=\"https:\/\/www.kaarsilla.ee\/en\/portfolio-category\/completed-en\/\" rel=\"tag\">Completed<\/a><span class=\"qodef-info-separator-single\"><\/span><a href=\"https:\/\/www.kaarsilla.ee\/en\/portfolio-category\/main-page\/\" rel=\"tag\">Main page<\/a>\t<div class=\"qodef-info-separator-end\"><\/div>\n\t\t\t\t<\/div>\n\t\t\t<\/div>\n\t\t<\/div>\n\t<\/div>\n<\/article>\n<article class=\"qodef-e qodef-grid-item qodef-item--full post-7885 portfolio-item type-portfolio-item status-publish has-post-thumbnail hentry portfolio-category-bureau portfolio-category-completed-en\">\n\t<div class=\"qodef-e-inner\" >\n\t\t<div class=\"qodef-e-image\">\n\t\t\t\t<div class=\"qodef-e-media-image\">\n\t\t<a itemprop=\"url\" href=\"https:\/\/www.kaarsilla.ee\/en\/portfolio-item\/white-house\/\" target=\"_self\">\n\t\t\t<img loading=\"lazy\" decoding=\"async\" width=\"1253\" height=\"795\" src=\"https:\/\/www.kaarsilla.ee\/wp-content\/uploads\/2022\/06\/ylikooli_1-jpg-e1691766393738.webp\" class=\"attachment-full size-full wp-post-image\" alt=\"\" srcset=\"https:\/\/www.kaarsilla.ee\/wp-content\/uploads\/2022\/06\/ylikooli_1-jpg-e1691766393738.webp 1253w, https:\/\/www.kaarsilla.ee\/wp-content\/uploads\/2022\/06\/ylikooli_1-jpg-e1691766393738-300x190.webp 300w, https:\/\/www.kaarsilla.ee\/wp-content\/uploads\/2022\/06\/ylikooli_1-jpg-e1691766393738-1024x650.webp 1024w, https:\/\/www.kaarsilla.ee\/wp-content\/uploads\/2022\/06\/ylikooli_1-jpg-e1691766393738-768x487.webp 768w\" sizes=\"(max-width: 1253px) 100vw, 1253px\" \/>\t\t<\/a>\n\t<\/div>\n\t\t<\/div>\n\t\t<div class=\"qodef-e-content\" >\n\t\t\t<div class=\"qodef-e-text\">\n\t\t\t\t<h5 itemprop=\"name\" class=\"qodef-e-title entry-title\" >\n\t<a itemprop=\"url\" class=\"qodef-e-title-link\" href=\"https:\/\/www.kaarsilla.ee\/en\/portfolio-item\/white-house\/\" target=\"_self\">\n\t\tWhite Building\t<\/a>\n<\/h5>\n\t\t\t<\/div>\n\t\t\t<div class=\"qodef-e-bottom-holder\">\n\t\t\t\t<div class=\"qodef-e-info\">\n\t\t\t\t\t\t<a href=\"https:\/\/www.kaarsilla.ee\/en\/portfolio-category\/bureau\/\" rel=\"tag\">Bureau<\/a><span class=\"qodef-info-separator-single\"><\/span><a href=\"https:\/\/www.kaarsilla.ee\/en\/portfolio-category\/completed-en\/\" rel=\"tag\">Completed<\/a>\t<div class=\"qodef-info-separator-end\"><\/div>\n\t\t\t\t<\/div>\n\t\t\t<\/div>\n\t\t<\/div>\n\t<\/div>\n<\/article>\n<article class=\"qodef-e qodef-grid-item qodef-item--full post-7899 portfolio-item type-portfolio-item status-publish has-post-thumbnail hentry portfolio-category-bureau portfolio-category-completed-en portfolio-tag-mainpage\">\n\t<div class=\"qodef-e-inner\" >\n\t\t<div class=\"qodef-e-image\">\n\t\t\t\t<div class=\"qodef-e-media-image\">\n\t\t<a itemprop=\"url\" href=\"https:\/\/www.kaarsilla.ee\/en\/portfolio-item\/ropka-business-house\/\" target=\"_self\">\n\t\t\t<img loading=\"lazy\" decoding=\"async\" width=\"1298\" height=\"827\" src=\"https:\/\/www.kaarsilla.ee\/wp-content\/uploads\/2022\/06\/DJI_0790-e1664376367212.jpg\" class=\"attachment-full size-full wp-post-image\" alt=\"\" srcset=\"https:\/\/www.kaarsilla.ee\/wp-content\/uploads\/2022\/06\/DJI_0790-e1664376367212.jpg 1298w, https:\/\/www.kaarsilla.ee\/wp-content\/uploads\/2022\/06\/DJI_0790-e1664376367212-300x191.jpg 300w, https:\/\/www.kaarsilla.ee\/wp-content\/uploads\/2022\/06\/DJI_0790-e1664376367212-1024x652.jpg 1024w, https:\/\/www.kaarsilla.ee\/wp-content\/uploads\/2022\/06\/DJI_0790-e1664376367212-768x489.jpg 768w\" sizes=\"(max-width: 1298px) 100vw, 1298px\" \/>\t\t<\/a>\n\t<\/div>\n\t\t<\/div>\n\t\t<div class=\"qodef-e-content\" >\n\t\t\t<div class=\"qodef-e-text\">\n\t\t\t\t<h5 itemprop=\"name\" class=\"qodef-e-title entry-title\" >\n\t<a itemprop=\"url\" class=\"qodef-e-title-link\" href=\"https:\/\/www.kaarsilla.ee\/en\/portfolio-item\/ropka-business-house\/\" target=\"_self\">\n\t\tRopka Commercial Building\t<\/a>\n<\/h5>\n\t\t\t<\/div>\n\t\t\t<div class=\"qodef-e-bottom-holder\">\n\t\t\t\t<div class=\"qodef-e-info\">\n\t\t\t\t\t\t<a href=\"https:\/\/www.kaarsilla.ee\/en\/portfolio-category\/bureau\/\" rel=\"tag\">Bureau<\/a><span class=\"qodef-info-separator-single\"><\/span><a href=\"https:\/\/www.kaarsilla.ee\/en\/portfolio-category\/completed-en\/\" rel=\"tag\">Completed<\/a>\t<div class=\"qodef-info-separator-end\"><\/div>\n\t\t\t\t<\/div>\n\t\t\t<\/div>\n\t\t<\/div>\n\t<\/div>\n<\/article>\n\t<\/div>\n\t\t<div class=\"qodef-m-pagination qodef--infinite-scroll\">\n\t\t<svg class=\"qodef-svg--spinner qodef-m-pagination-spinner\" xmlns=\"http:\/\/www.w3.org\/2000\/svg\" width=\"512\" height=\"512\" viewBox=\"0 0 512 512\"><path d=\"M304 48c0 26.51-21.49 48-48 48s-48-21.49-48-48 21.49-48 48-48 48 21.49 48 48zm-48 368c-26.51 0-48 21.49-48 48s21.49 48 48 48 48-21.49 48-48-21.49-48-48-48zm208-208c-26.51 0-48 21.49-48 48s21.49 48 48 48 48-21.49 48-48-21.49-48-48-48zM96 256c0-26.51-21.49-48-48-48S0 229.49 0 256s21.49 48 48 48 48-21.49 48-48zm12.922 99.078c-26.51 0-48 21.49-48 48s21.49 48 48 48 48-21.49 48-48c0-26.509-21.491-48-48-48zm294.156 0c-26.51 0-48 21.49-48 48s21.49 48 48 48 48-21.49 48-48c0-26.509-21.49-48-48-48zM108.922 60.922c-26.51 0-48 21.49-48 48s21.49 48 48 48 48-21.49 48-48-21.491-48-48-48z\"><\/path><\/svg>\t<\/div>\n<\/div>\n\t\t\t\t<\/div>\n\t\t\t\t<\/div>\n\t\t\t\t\t<\/div>\n\t\t<\/div>\n\t\t\t\t\t<\/div>\n\t\t<\/section>\n\t\t\t\t<\/div>\n\t\t","protected":false},"excerpt":{"rendered":"<p>K\u00f5ik Arendamisel4 Valminud25 Tulevased6 Kaubandus13 B\u00fcroo7 Ladu5 Tootmine1 L\u00f5o, L\u00f5ov\u00e4lja, Sireli Tulevased Kalda Tee 53 Tulevased Kalda tee 49 Tulevased Edise Tulevased Ropka \u00e4rimaja II laohoone LaduValminud Ropka \u00e4rimaja laohoone LaduValminud \u00dclle Tulevased Kalda tee 39 Tulevased Fixus Tartu KaubandusValminud<\/p>\n","protected":false},"author":2,"featured_media":0,"parent":0,"menu_order":0,"comment_status":"closed","ping_status":"closed","template":"page-full-width.php","meta":{"footnotes":""},"class_list":["post-7618","page","type-page","status-publish","hentry"],"_links":{"self":[{"href":"https:\/\/www.kaarsilla.ee\/en\/wp-json\/wp\/v2\/pages\/7618","targetHints":{"allow":["GET"]}}],"collection":[{"href":"https:\/\/www.kaarsilla.ee\/en\/wp-json\/wp\/v2\/pages"}],"about":[{"href":"https:\/\/www.kaarsilla.ee\/en\/wp-json\/wp\/v2\/types\/page"}],"author":[{"embeddable":true,"href":"https:\/\/www.kaarsilla.ee\/en\/wp-json\/wp\/v2\/users\/2"}],"replies":[{"embeddable":true,"href":"https:\/\/www.kaarsilla.ee\/en\/wp-json\/wp\/v2\/comments?post=7618"}],"version-history":[{"count":0,"href":"https:\/\/www.kaarsilla.ee\/en\/wp-json\/wp\/v2\/pages\/7618\/revisions"}],"wp:attachment":[{"href":"https:\/\/www.kaarsilla.ee\/en\/wp-json\/wp\/v2\/media?parent=7618"}],"curies":[{"name":"wp","href":"https:\/\/api.w.org\/{rel}","templated":true}]}}